{"id":4821,"date":"2022-02-23T14:08:29","date_gmt":"2022-02-23T12:08:29","guid":{"rendered":"https:\/\/www.clx.co.il\/?post_type=product&#038;p=4821"},"modified":"2024-01-09T18:30:56","modified_gmt":"2024-01-09T16:30:56","slug":"gigabyte-h610m-h-ddr4-rev-1-0-lga1700-intel-h610","status":"publish","type":"product","link":"https:\/\/www.clx.co.il\/ar\/shop\/hardware\/motherboards\/intel-panels\/gigabyte-h610m-h-ddr4-rev-1-0-lga1700-intel-h610\/","title":{"rendered":"Gigabyte H610M H DDR4 Rev. 1.0 LGA1700 Intel H610"},"content":{"rendered":"<h1 style=\"text-align: center;\">H610M H DDR4 (rev. 1.0)<\/h1>\n<p style=\"text-align: center;\"><img decoding=\"async\" src=\"https:\/\/www.gigabyte.com\/FileUpload\/Global\/KeyFeature\/2048\/innergigabyteimages\/spec.png\" \/><\/p>\n<div class=\"title\">6+1+1 Phases Hybrid Power Design<\/div>\n<div class=\"row\">\n<div class=\"col-lg-7\"><img decoding=\"async\" class=\"img-responsive aligncenter\" src=\"https:\/\/www.gigabyte.com\/FileUpload\/Global\/KeyFeature\/2048\/innergigabyteimages\/powerdesign.jpg\" \/><\/div>\n<div class=\"col-lg-5\">\n<div class=\"title\" style=\"text-align: center;\"><strong>Cleaner and more efficient power delivery to the CPU with better thermal performance ensure stability under high CPU frequencies and heavy loading.<\/strong><\/div>\n<div class=\"text\">\n<ul>\n<li style=\"text-align: right;\">6+1+1 Phases Low RDS(on) MOSFETs<\/li>\n<li style=\"text-align: right;\">Solid capacitors to improve transient response and minimize oscillation.<\/li>\n<li style=\"text-align: right;\">8-pin Solid Pin CPU Power Connector.<\/li>\n<\/ul>\n<\/div>\n<\/div>\n<\/div>\n<p style=\"text-align: right;\"><img decoding=\"async\" src=\"https:\/\/www.gigabyte.com\/FileUpload\/Global\/KeyFeature\/2048\/innergigabyteimages\/pcie4slotdesign.jpg\" \/><\/p>\n<div class=\"title\" style=\"text-align: center;\"><strong>Intel<sup>\u00ae<\/sup>\u00a0GbE LAN with cFosSpeed Internet Accelerator Networking<\/strong><\/div>\n<div class=\"text\" style=\"text-align: center;\"><strong>Intel<sup>\u00ae<\/sup>\u00a0GbE LAN features cFosSpeed, a network traffic management application which helps to improve network latency and maintain low ping times to deliver better responsiveness in crowded LAN environments.<\/strong><\/div>\n<p style=\"text-align: center;\"><img decoding=\"async\" src=\"https:\/\/www.gigabyte.com\/FileUpload\/Global\/KeyFeature\/2048\/innergigabyteimages\/intellan.jpg\" \/><\/p>\n<div class=\"title\" style=\"text-align: center;\"><strong>Intel<sup>\u00ae<\/sup>\u00a0GbE LAN with cFosSpeed Internet Accelerator Networking<\/strong><\/div>\n<div class=\"text\" style=\"text-align: center;\"><strong>Intel<sup>\u00ae<\/sup>\u00a0GbE LAN features cFosSpeed, a network traffic management application which helps to improve network latency and maintain low ping times to deliver better responsiveness in crowded LAN environments.<\/strong><\/div>\n<p><img decoding=\"async\" loading=\"lazy\" class=\"\" src=\"https:\/\/www.gigabyte.com\/FileUpload\/Global\/KeyFeature\/2048\/innergigabyteimages\/Solid-Pin_02.jpg\" width=\"310\" height=\"275\" \/><img decoding=\"async\" loading=\"lazy\" class=\"alignright\" src=\"https:\/\/www.gigabyte.com\/FileUpload\/Global\/KeyFeature\/2048\/innergigabyteimages\/Solid-Pin_01.png\" width=\"380\" height=\"180\" \/><\/p>\n<div class=\"t1\">\n<div class=\"mainsubtitle wow bounceInDown\" style=\"text-align: center;\"><strong>ULTRA DURABLE<\/strong><\/div>\n<div class=\"row\" style=\"text-align: center;\">\n<div class=\"subtitle\">\n<div class=\"maintitle\"><strong>Solid Pin<\/strong><\/div>\n<div class=\"tablistbg\"><\/div>\n<\/div>\n<div class=\"subtitle\">\n<div class=\"maintitle\"><strong>Anti-Sulfur<\/strong><\/div>\n<div class=\"tablistbg\"><\/div>\n<\/div>\n<\/div>\n<\/div>\n<div class=\"lineallbg\" style=\"text-align: center;\"><\/div>\n<div class=\"seccon\">\n<div id=\"Solid-Pin\" class=\"allclose\">\n<div class=\"frametablesec\">\n<div class=\"center\">\n<div class=\"title\" style=\"text-align: center;\"><strong>Solid Pin Power Connectors<\/strong><\/div>\n<div class=\"text\" style=\"text-align: center;\"><strong>H610 motherboards feature solid plated ATX 12V 8pin power connectors to offer a stable power supply during CPU overloading.<\/strong><\/div>\n<div class=\"conbox1\">\n<div class=\"title\" style=\"text-align: center;\"><strong>Solid Pin Power connector advantages<\/strong><\/div>\n<ul class=\"text\">\n<li style=\"text-align: center;\"><strong>Larger contact area for electricity<\/strong><\/li>\n<li style=\"text-align: center;\"><strong>More metal quantity to sustain higher power and generated heat<\/strong><\/li>\n<li style=\"text-align: center;\"><strong>Ultra durable and longer lifespan<\/strong><\/li>\n<\/ul>\n<\/div>\n<\/div>\n<\/div>\n<\/div>\n<\/div>\n<p>&nbsp;<\/p>\n<p><img decoding=\"async\" src=\"https:\/\/www.gigabyte.com\/FileUpload\/Global\/KeyFeature\/2048\/innergigabyteimages\/software_bios.png\" \/><\/p>\n<div class=\"title\" style=\"text-align: center;\"><strong>BIOS<\/strong><\/div>\n<div class=\"text\" style=\"text-align: center;\"><strong>The BIOS is essential for users during initial setup to allow for the most optimal settings. With a new GUI and easier to use functionalities, GIGABYTE has been able to reinvent the BIOS to give users a better experience while setting up their new system.<\/strong><br \/>\n<strong>* Photos are for reference only. Product features may vary by model.<\/strong><\/div>\n<p>&nbsp;<\/p>\n<div class=\"product-box__title__wrapper\">\n<h3 class=\"product-box__title section-title\">SPECIFICATION<\/h3>\n<\/div>\n<div class=\"product-box__accordion\">\n<div class=\"product-box__accordion__content product-specification__accordion__content collapse show\" data-content=\"\">\n<table class=\"product-table\">\n<tbody class=\"product-table__tbody\">\n<tr class=\"product-table__tr\">\n<td class=\"product-table__td\">CPU<\/td>\n<td class=\"product-table__td\">none<\/td>\n<\/tr>\n<tr class=\"product-table__tr\">\n<td class=\"product-table__td\">Chipset<\/td>\n<td class=\"product-table__td\">H610<\/td>\n<\/tr>\n<tr class=\"product-table__tr\">\n<td class=\"product-table__td\">Socket<\/td>\n<td class=\"product-table__td\">LGA-1700<\/td>\n<\/tr>\n<tr class=\"product-table__tr\">\n<td class=\"product-table__td\">Chipset manufacturer<\/td>\n<td class=\"product-table__td\">Intel<\/td>\n<\/tr>\n<tr class=\"product-table__tr\">\n<td class=\"product-table__td\">Integrated VGA<\/td>\n<td class=\"product-table__td\">Yes<\/td>\n<\/tr>\n<tr class=\"product-table__tr\">\n<td class=\"product-table__td\">Integrated VGA<\/td>\n<td class=\"product-table__td\">Integrated in CPU<\/td>\n<\/tr>\n<tr class=\"product-table__tr\">\n<td class=\"product-table__td\">CrossFire support<\/td>\n<td class=\"product-table__td\">No<\/td>\n<\/tr>\n<tr class=\"product-table__tr\">\n<td class=\"product-table__td\">SLI support<\/td>\n<td class=\"product-table__td\">No<\/td>\n<\/tr>\n<tr class=\"product-table__tr\">\n<td class=\"product-table__td\">Memory type<\/td>\n<td class=\"product-table__td\">DDR4<\/td>\n<\/tr>\n<tr class=\"product-table__tr\">\n<td class=\"product-table__td\">Memory sockets<\/td>\n<td class=\"product-table__td\">2 pcs<\/td>\n<\/tr>\n<tr class=\"product-table__tr\">\n<td class=\"product-table__td\">Maximum memory<\/td>\n<td class=\"product-table__td\">64 GB<\/td>\n<\/tr>\n<tr class=\"product-table__tr\">\n<td class=\"product-table__td\">PCIe 16x slot<\/td>\n<td class=\"product-table__td\">1 pcs<\/td>\n<\/tr>\n<tr class=\"product-table__tr\">\n<td class=\"product-table__td\">PCIe 4x slot<\/td>\n<td class=\"product-table__td\">0 pcs<\/td>\n<\/tr>\n<tr class=\"product-table__tr\">\n<td class=\"product-table__td\">PCIe 1x slot<\/td>\n<td class=\"product-table__td\">1 pcs<\/td>\n<\/tr>\n<tr class=\"product-table__tr\">\n<td class=\"product-table__td\">Mini PCI Express connector<\/td>\n<td class=\"product-table__td\">0 pcs<\/td>\n<\/tr>\n<tr class=\"product-table__tr\">\n<td class=\"product-table__td\">PCI slot<\/td>\n<td class=\"product-table__td\">0 pcs<\/td>\n<\/tr>\n<tr class=\"product-table__tr\">\n<td class=\"product-table__td\">PATA connector<\/td>\n<td class=\"product-table__td\">0 pcs<\/td>\n<\/tr>\n<tr class=\"product-table__tr\">\n<td class=\"product-table__td\">SATA2 connector<\/td>\n<td class=\"product-table__td\">0 pcs<\/td>\n<\/tr>\n<tr class=\"product-table__tr\">\n<td class=\"product-table__td\">SATA 3 connector<\/td>\n<td class=\"product-table__td\">4 pcs<\/td>\n<\/tr>\n<tr class=\"product-table__tr\">\n<td class=\"product-table__td\">mSATA connector<\/td>\n<td class=\"product-table__td\">0 pcs<\/td>\n<\/tr>\n<tr class=\"product-table__tr\">\n<td class=\"product-table__td\">M.2 connector<\/td>\n<td class=\"product-table__td\">1 pcs<\/td>\n<\/tr>\n<tr class=\"product-table__tr\">\n<td class=\"product-table__td\">SATA Express port<\/td>\n<td class=\"product-table__td\">0 pcs<\/td>\n<\/tr>\n<tr class=\"product-table__tr\">\n<td class=\"product-table__td\">U.2 connector<\/td>\n<td class=\"product-table__td\">0 pcs<\/td>\n<\/tr>\n<tr class=\"product-table__tr\">\n<td class=\"product-table__td\">RAID controller<\/td>\n<td class=\"product-table__td\">No<\/td>\n<\/tr>\n<tr class=\"product-table__tr\">\n<td class=\"product-table__td\">USB 2.0<\/td>\n<td class=\"product-table__td\">8 pcs<\/td>\n<\/tr>\n<tr class=\"product-table__tr\">\n<td class=\"product-table__td\">USB 3.0<\/td>\n<td class=\"product-table__td\">4 pcs<\/td>\n<\/tr>\n<tr class=\"product-table__tr\">\n<td class=\"product-table__td\">USB 3.1<\/td>\n<td class=\"product-table__td\">0 pcs<\/td>\n<\/tr>\n<tr class=\"product-table__tr\">\n<td class=\"product-table__td\">USB 3.2<\/td>\n<td class=\"product-table__td\">0 pcs<\/td>\n<\/tr>\n<tr class=\"product-table__tr\">\n<td class=\"product-table__td\">Thunderbolt<\/td>\n<td class=\"product-table__td\">0 pcs<\/td>\n<\/tr>\n<tr class=\"product-table__tr\">\n<td class=\"product-table__td\">Optical\/SPDIF<\/td>\n<td class=\"product-table__td\">No<\/td>\n<\/tr>\n<tr class=\"product-table__tr\">\n<td class=\"product-table__td\">LAN port number<\/td>\n<td class=\"product-table__td\">1 pcs<\/td>\n<\/tr>\n<tr class=\"product-table__tr\">\n<td class=\"product-table__td\">2.5-Gigabit-LAN-Port<\/td>\n<td class=\"product-table__td\">No<\/td>\n<\/tr>\n<tr class=\"product-table__tr\">\n<td class=\"product-table__td\">Port 10 Gigabit<\/td>\n<td class=\"product-table__td\">No<\/td>\n<\/tr>\n<tr class=\"product-table__tr\">\n<td class=\"product-table__td\">Bluetooth<\/td>\n<td class=\"product-table__td\">No<\/td>\n<\/tr>\n<tr class=\"product-table__tr\">\n<td class=\"product-table__td\">Size standards<\/td>\n<td class=\"product-table__td\">Micro ATX<\/td>\n<\/tr>\n<tr class=\"product-table__tr\">\n<td class=\"product-table__td\">Vil\u00e1g\u00edt\u00e1s<\/td>\n<td class=\"product-table__td\">No<\/td>\n<\/tr>\n<tr class=\"product-table__tr\">\n<td class=\"product-table__td\">iPon Gamer<\/td>\n<td class=\"product-table__td\">No<\/td>\n<\/tr>\n<tr class=\"product-table__tr\">\n<td class=\"product-table__td\">Weight<\/td>\n<td class=\"product-table__td\">0 g<\/td>\n<\/tr>\n<tr class=\"product-table__tr\">\n<td class=\"product-table__td\">Windows 11 compatible<\/td>\n<td class=\"product-table__td\">Yes<\/td>\n<\/tr>\n<\/tbody>\n<\/table>\n<\/div>\n<div class=\"product-box__accordion__control product-box__accordion__control--specification\" data-control=\"\">\n<div class=\"layout-box__footer\">\n<div class=\"product__link flex__row flex__align-items--center flex__justify--center\"><\/div>\n<\/div>\n<\/div>\n<\/div>","protected":false},"excerpt":{"rendered":"<p>H610M H DDR4 (rev. 1.0) 6+1+1 Phases Hybrid Power Design Cleaner and more efficient power delivery to the CPU with better thermal performance ensure stability under high CPU frequencies and heavy loading. 6+1+1 Phases Low RDS(on) MOSFETs Solid capacitors to improve transient response and minimize oscillation. 8-pin Solid Pin CPU Power Connector. Intel\u00ae\u00a0GbE LAN with [&hellip;]<\/p>","protected":false},"featured_media":4823,"template":"","meta":[],"product_cat":[194],"product_tag":[557,520,907,556,492,553],"_links":{"self":[{"href":"https:\/\/www.clx.co.il\/ar\/wp-json\/wp\/v2\/product\/4821"}],"collection":[{"href":"https:\/\/www.clx.co.il\/ar\/wp-json\/wp\/v2\/product"}],"about":[{"href":"https:\/\/www.clx.co.il\/ar\/wp-json\/wp\/v2\/types\/product"}],"wp:featuredmedia":[{"embeddable":true,"href":"https:\/\/www.clx.co.il\/ar\/wp-json\/wp\/v2\/media\/4823"}],"wp:attachment":[{"href":"https:\/\/www.clx.co.il\/ar\/wp-json\/wp\/v2\/media?parent=4821"}],"wp:term":[{"taxonomy":"product_cat","embeddable":true,"href":"https:\/\/www.clx.co.il\/ar\/wp-json\/wp\/v2\/product_cat?post=4821"},{"taxonomy":"product_tag","embeddable":true,"href":"https:\/\/www.clx.co.il\/ar\/wp-json\/wp\/v2\/product_tag?post=4821"}],"curies":[{"name":"wp","href":"https:\/\/api.w.org\/{rel}","templated":true}]}}